{"id":2873,"date":"2024-10-30T21:12:29","date_gmt":"2024-10-30T18:12:29","guid":{"rendered":"https:\/\/stellahotel.com.tr\/ekonomik-cift-kisilik-oda\/"},"modified":"2024-12-05T16:23:09","modified_gmt":"2024-12-05T13:23:09","slug":"ekonomik-cift-kisilik-oda","status":"publish","type":"page","link":"https:\/\/stellahotel.com.tr\/de\/ekonomik-cift-kisilik-oda\/","title":{"rendered":"\u00c7\u0130FT K\u0130\u015e\u0130L\u0130K ODA BALKONLU"},"content":{"rendered":"\t\t<div data-elementor-type=\"wp-page\" data-elementor-id=\"2873\" class=\"elementor elementor-2873\" data-elementor-settings=\"{&quot;ha_cmc_init_switcher&quot;:&quot;no&quot;}\" data-elementor-post-type=\"page\">\n\t\t\t\t<div class=\"elementor-element elementor-element-7c36cfed e-flex e-con-boxed e-con e-parent\" data-id=\"7c36cfed\" data-element_type=\"container\" data-settings=\"{&quot;_ha_eqh_enable&quot;:false}\">\n\t\t\t\t\t<div class=\"e-con-inner\">\n\t\t\t\t<div class=\"elementor-element elementor-element-de30cfa elementor-widget elementor-widget-spacer\" data-id=\"de30cfa\" data-element_type=\"widget\" data-widget_type=\"spacer.default\">\n\t\t\t\t<div class=\"elementor-widget-container\">\n\t\t\t\t\t\t\t<div class=\"elementor-spacer\">\n\t\t\t<div class=\"elementor-spacer-inner\"><\/div>\n\t\t<\/div>\n\t\t\t\t\t\t<\/div>\n\t\t\t\t<\/div>\n\t\t\t\t\t<\/div>\n\t\t\t\t<\/div>\n\t\t<div class=\"elementor-element elementor-element-91a7819 e-flex e-con-boxed e-con e-parent\" data-id=\"91a7819\" data-element_type=\"container\" data-settings=\"{&quot;_ha_eqh_enable&quot;:false}\">\n\t\t\t\t\t<div class=\"e-con-inner\">\n\t\t<div class=\"elementor-element elementor-element-3377344 e-con-full e-flex e-con e-child\" data-id=\"3377344\" data-element_type=\"container\" data-settings=\"{&quot;_ha_eqh_enable&quot;:false}\">\n\t\t\t\t<div class=\"elementor-element elementor-element-d1b521e elementor-widget elementor-widget-ha-carousel happy-addon ha-carousel\" data-id=\"d1b521e\" data-element_type=\"widget\" data-settings=\"{&quot;slides_to_show&quot;:&quot;1&quot;,&quot;animation_speed&quot;:300,&quot;autoplay&quot;:&quot;yes&quot;,&quot;autoplay_speed&quot;:3000,&quot;loop&quot;:&quot;yes&quot;,&quot;navigation&quot;:&quot;arrow&quot;,&quot;slides_to_show_tablet&quot;:3,&quot;slides_to_show_mobile&quot;:2}\" data-widget_type=\"ha-carousel.default\">\n\t\t\t\t<div class=\"elementor-widget-container\">\n\t\t\t\t\t\n\t\t<div data-ha_rcc_uid=\"\" class=\"hajs-slick ha-slick ha-slick--carousel\">\n\n\t\t\t\n\t\t\t\t<div class=\"ha-slick-slide slick-slide\">\n\t\t\t\t\t<div class=\"ha-slick-item\">\n\t\t\t\t\t\t\t\t\t\t\t\t\t<img decoding=\"async\" class=\"ha-slick-img\" src=\"https:\/\/stellahotel.com.tr\/wp-content\/uploads\/2024\/11\/Stella-Hotel-Kemer-Antalya-49-768x512.webp\" alt=\"\">\n\t\t\t\t\t\t\n\t\t\t\t\t\t\t\t\t\t\t<\/div>\n\t\t\t\t<\/div>\n\n\t\t\t\n\t\t\t\t<div class=\"ha-slick-slide slick-slide\">\n\t\t\t\t\t<div class=\"ha-slick-item\">\n\t\t\t\t\t\t\t\t\t\t\t\t\t<img decoding=\"async\" class=\"ha-slick-img\" src=\"https:\/\/stellahotel.com.tr\/wp-content\/uploads\/2024\/11\/Stella-Hotel-Kemer-Antalya-54-768x512.webp\" alt=\"\">\n\t\t\t\t\t\t\n\t\t\t\t\t\t\t\t\t\t\t<\/div>\n\t\t\t\t<\/div>\n\n\t\t\t\n\t\t\t\t<div class=\"ha-slick-slide slick-slide\">\n\t\t\t\t\t<div class=\"ha-slick-item\">\n\t\t\t\t\t\t\t\t\t\t\t\t\t<img decoding=\"async\" class=\"ha-slick-img\" src=\"https:\/\/stellahotel.com.tr\/wp-content\/uploads\/2024\/11\/Stella-Hotel-Kemer-Antalya-47-768x512.webp\" alt=\"\">\n\t\t\t\t\t\t\n\t\t\t\t\t\t\t\t\t\t\t<\/div>\n\t\t\t\t<\/div>\n\n\t\t\t\n\t\t\t\t<div class=\"ha-slick-slide slick-slide\">\n\t\t\t\t\t<div class=\"ha-slick-item\">\n\t\t\t\t\t\t\t\t\t\t\t\t\t<img decoding=\"async\" class=\"ha-slick-img\" src=\"https:\/\/stellahotel.com.tr\/wp-content\/uploads\/2024\/11\/Stella-Hotel-Kemer-Antalya-55-768x512.webp\" alt=\"\">\n\t\t\t\t\t\t\n\t\t\t\t\t\t\t\t\t\t\t<\/div>\n\t\t\t\t<\/div>\n\n\t\t\t\n\t\t<\/div>\n\n\t\t\t\t\t<button type=\"button\" class=\"slick-prev\"><svg aria-hidden=\"true\" class=\"e-font-icon-svg e-fas-chevron-left\" viewBox=\"0 0 320 512\" xmlns=\"http:\/\/www.w3.org\/2000\/svg\"><path d=\"M34.52 239.03L228.87 44.69c9.37-9.37 24.57-9.37 33.94 0l22.67 22.67c9.36 9.36 9.37 24.52.04 33.9L131.49 256l154.02 154.75c9.34 9.38 9.32 24.54-.04 33.9l-22.67 22.67c-9.37 9.37-24.57 9.37-33.94 0L34.52 272.97c-9.37-9.37-9.37-24.57 0-33.94z\"><\/path><\/svg><\/button>\n\t\t\n\t\t\t\t\t<button type=\"button\" class=\"slick-next\"><svg aria-hidden=\"true\" class=\"e-font-icon-svg e-fas-chevron-right\" viewBox=\"0 0 320 512\" xmlns=\"http:\/\/www.w3.org\/2000\/svg\"><path d=\"M285.476 272.971L91.132 467.314c-9.373 9.373-24.569 9.373-33.941 0l-22.667-22.667c-9.357-9.357-9.375-24.522-.04-33.901L188.505 256 34.484 101.255c-9.335-9.379-9.317-24.544.04-33.901l22.667-22.667c9.373-9.373 24.569-9.373 33.941 0L285.475 239.03c9.373 9.372 9.373 24.568.001 33.941z\"><\/path><\/svg><\/button>\n\t\t\n\t\t\t\t\t\t<\/div>\n\t\t\t\t<\/div>\n\t\t\t\t<\/div>\n\t\t<div class=\"elementor-element elementor-element-641e0d8 e-con-full e-flex e-con e-child\" data-id=\"641e0d8\" data-element_type=\"container\" data-settings=\"{&quot;_ha_eqh_enable&quot;:false}\">\n\t\t\t\t<div class=\"elementor-element elementor-element-3f5ef1eb elementor-widget elementor-widget-text-editor\" data-id=\"3f5ef1eb\" data-element_type=\"widget\" data-widget_type=\"text-editor.default\">\n\t\t\t\t<div class=\"elementor-widget-container\">\n\t\t\t\t\t\t\t\t\t<article id=\"post-13885\" class=\"cmsmasters_open_project post-13885 project type-project status-publish format-standard has-post-thumbnail hentry pj-categs-bathroom pj-categs-conditioning pj-categs-mini-bar pj-categs-room-services pj-categs-hair-dryer pj-categs-cable-tv\"><div class=\"project_content\"><div class=\"cmsmasters_project_content entry-content\"><div id=\"cmsmasters_row_06a4b0cbfc\" class=\"cmsmasters_row cmsmasters_color_scheme_default cmsmasters_row_top_default cmsmasters_row_bot_default cmsmasters_row_boxed\"><div class=\"cmsmasters_row_outer_parent\"><div class=\"cmsmasters_row_outer\"><div class=\"cmsmasters_row_inner\"><div class=\"cmsmasters_row_margin cmsmasters_11\"><div id=\"cmsmasters_column_17fc158c50\" class=\"cmsmasters_column one_first\"><div class=\"cmsmasters_column_inner\"><div class=\"cmsmasters_tabs tabs_mode_tab\"><div class=\"cmsmasters_tabs_wrap\"><div id=\"cmsmasters_tab_8x4un4rzue\" class=\"cmsmasters_tab active_tab\"><div class=\"cmsmasters_tab_inner\"><section class=\"subpage\"><div class=\"container\"><div class=\"lh-15\"><p>DOPPELZIMMER MIT BALKON:<br \/>Duschkabine, Haartrockner,<br \/>Telefon,<br \/>Balkon,<br \/>Safe<br \/>Split-Klimaanlage<br \/>Fernsehen (t\u00fcrkische Sender)<br \/>Minibar<br \/>Bodenlaminat<br \/>Zimmerreinigung jeden Tag<br \/>W\u00e4schewechsel dreimal pro Woche.<br \/>W-lan<\/p><\/div><\/div><\/section><\/div><\/div><\/div><\/div><\/div><\/div><\/div><\/div><\/div><\/div><\/div><\/div><\/div><\/article>\t\t\t\t\t\t\t\t<\/div>\n\t\t\t\t<\/div>\n\t\t\t\t<div class=\"elementor-element elementor-element-686e77a elementor-widget-divider--view-line elementor-widget elementor-widget-divider\" data-id=\"686e77a\" data-element_type=\"widget\" data-widget_type=\"divider.default\">\n\t\t\t\t<div class=\"elementor-widget-container\">\n\t\t\t\t\t\t\t<div class=\"elementor-divider\">\n\t\t\t<span class=\"elementor-divider-separator\">\n\t\t\t\t\t\t<\/span>\n\t\t<\/div>\n\t\t\t\t\t\t<\/div>\n\t\t\t\t<\/div>\n\t\t\t\t<\/div>\n\t\t\t\t\t<\/div>\n\t\t\t\t<\/div>\n\t\t<div class=\"elementor-element elementor-element-6535212 e-flex e-con-boxed e-con e-parent\" data-id=\"6535212\" data-element_type=\"container\" data-settings=\"{&quot;_ha_eqh_enable&quot;:false}\">\n\t\t\t\t\t<div class=\"e-con-inner\">\n\t\t\t\t<div class=\"elementor-element elementor-element-dbd0315 elementor-widget__width-initial elementor-widget elementor-widget-wpo-parador_feature\" data-id=\"dbd0315\" data-element_type=\"widget\" data-widget_type=\"wpo-parador_feature.default\">\n\t\t\t\t<div class=\"elementor-widget-container\">\n\t\t\t\t\t\t\t<div class=\"wpo-service-area\">\n\t\t\t<div class=\"wpo-service-wrap\">\n\t\t\t\t<div class=\"container\">\n\t\t\t\t\t<div class=\"row align-items-center\">\n\t\t\t\t\t\t<div class=\"col-xl-4 col-lg-8 col-12\">\n\t\t\t\t\t\t\t<div class=\"wpo-service-content\">\n\t\t\t\t\t\t\t\t<h2>Alle Ihre Bed\u00fcrfnisse stehen f\u00fcr Ihren Komfort bereit ...<\/h2>\t\t\t\t\t\t\t<\/div>\n\t\t\t\t\t\t<\/div>\n\t\t\t\t\t\t<div class=\"col-xl-8 col-12\">\n\t\t\t\t\t\t\t<div class=\"wpo-service-items\">\n\t\t\t\t\t\t\t\t\t\t\t\t\t\t\t\t\t\t<div class=\"wpo-service-item\">\n\t\t\t\t\t\t\t\t\t\t\t<i class=\"fi flaticon-bathtub\"><\/i><h2>Bad<\/h2>\t\t\t\t\t\t\t\t\t\t<\/div>\n\t\t\t\t\t\t\t\t\t\t\t\t\t\t\t\t\t\t<div class=\"wpo-service-item\">\n\t\t\t\t\t\t\t\t\t\t\t<i class=\"fi flaticon-bed\"><\/i><h2>Bequeme Betten<\/h2>\t\t\t\t\t\t\t\t\t\t<\/div>\n\t\t\t\t\t\t\t\t\t\t\t\t\t\t\t\t\t\t<div class=\"wpo-service-item\">\n\t\t\t\t\t\t\t\t\t\t\t<i class=\"fi flaticon-next\"><\/i><h2>Minibar<\/h2>\t\t\t\t\t\t\t\t\t\t<\/div>\n\t\t\t\t\t\t\t\t\t\t\t\t\t\t\t\t\t\t<div class=\"wpo-service-item\">\n\t\t\t\t\t\t\t\t\t\t\t<i class=\"fi flaticon-placeholder\"><\/i><h2>Zimmerservice<\/h2>\t\t\t\t\t\t\t\t\t\t<\/div>\n\t\t\t\t\t\t\t\t\t\t\t\t\t\t\t\t\t\t<div class=\"wpo-service-item\">\n\t\t\t\t\t\t\t\t\t\t\t<i class=\"fi flaticon-quote\"><\/i><h2>\u00c4sthetische Architektur<\/h2>\t\t\t\t\t\t\t\t\t\t<\/div>\n\t\t\t\t\t\t\t\t\t\t\t\t\t\t\t\t\t\t<div class=\"wpo-service-item\">\n\t\t\t\t\t\t\t\t\t\t\t<i class=\"fi flaticon-wifi\"><\/i><h2>W-lan<\/h2>\t\t\t\t\t\t\t\t\t\t<\/div>\n\t\t\t\t\t\t\t\t\t\t\t\t\t\t\t\t\t\t<div class=\"wpo-service-item\">\n\t\t\t\t\t\t\t\t\t\t\t<i class=\"fi flaticon-cappuccino\"><\/i><h2>Wasserkocher<\/h2>\t\t\t\t\t\t\t\t\t\t<\/div>\n\t\t\t\t\t\t\t\t\t\t\t\t\t\t\t\t\t\t<div class=\"wpo-service-item\">\n\t\t\t\t\t\t\t\t\t\t\t<i class=\"fi flaticon-expand-arrows\"><\/i><h2>Ger\u00e4umig und komfortabel<\/h2>\t\t\t\t\t\t\t\t\t\t<\/div>\n\t\t\t\t\t\t\t\t\t\t\t\t\t\t\t<\/div>\n\t\t\t\t\t\t<\/div>\n\t\t\t\t\t<\/div>\n\t\t\t\t<\/div>\n\t\t\t<\/div>\n\t\t<\/div>\n\t\t\t\t<\/div>\n\t\t\t\t<\/div>\n\t\t\t\t\t<\/div>\n\t\t\t\t<\/div>\n\t\t\t\t<\/div>\n\t\t","protected":false},"excerpt":{"rendered":"DOPPELZIMMER MIT BALKON:Duschkabine, Haartrockner,Telefon,Balkon,SafeSplit-KlimaanlageFernsehen (t\u00fcrkische Sender)MinibarBodenlaminatZimmerreinigung jeden TagW\u00e4schewechsel dreimal pro Woche.W-lan Alle Ihre Bed\u00fcrfnisse stehen f\u00fcr Ihren Komfort bereit &#8230; Bad Bequeme Betten Minibar Zimmerservice \u00c4sthetische Architektur W-lan Wasserkocher Ger\u00e4umig und komfortabel","protected":false},"author":1,"featured_media":0,"parent":0,"menu_order":0,"comment_status":"closed","ping_status":"closed","template":"elementor_header_footer","meta":{"footnotes":""},"class_list":["post-2873","page","type-page","status-publish","hentry"],"_links":{"self":[{"href":"https:\/\/stellahotel.com.tr\/de\/wp-json\/wp\/v2\/pages\/2873","targetHints":{"allow":["GET"]}}],"collection":[{"href":"https:\/\/stellahotel.com.tr\/de\/wp-json\/wp\/v2\/pages"}],"about":[{"href":"https:\/\/stellahotel.com.tr\/de\/wp-json\/wp\/v2\/types\/page"}],"author":[{"embeddable":true,"href":"https:\/\/stellahotel.com.tr\/de\/wp-json\/wp\/v2\/users\/1"}],"replies":[{"embeddable":true,"href":"https:\/\/stellahotel.com.tr\/de\/wp-json\/wp\/v2\/comments?post=2873"}],"version-history":[{"count":3,"href":"https:\/\/stellahotel.com.tr\/de\/wp-json\/wp\/v2\/pages\/2873\/revisions"}],"predecessor-version":[{"id":2956,"href":"https:\/\/stellahotel.com.tr\/de\/wp-json\/wp\/v2\/pages\/2873\/revisions\/2956"}],"wp:attachment":[{"href":"https:\/\/stellahotel.com.tr\/de\/wp-json\/wp\/v2\/media?parent=2873"}],"curies":[{"name":"wp","href":"https:\/\/api.w.org\/{rel}","templated":true}]}}