{"id":2885,"date":"2024-10-29T12:01:12","date_gmt":"2024-10-29T09:01:12","guid":{"rendered":"https:\/\/stellahotel.com.tr\/services\/"},"modified":"2025-05-01T09:06:12","modified_gmt":"2025-05-01T06:06:12","slug":"services","status":"publish","type":"page","link":"https:\/\/stellahotel.com.tr\/de\/services\/","title":{"rendered":"Hizmetler"},"content":{"rendered":"\t\t<div data-elementor-type=\"wp-page\" data-elementor-id=\"2885\" class=\"elementor elementor-2885\" data-elementor-settings=\"{&quot;ha_cmc_init_switcher&quot;:&quot;no&quot;}\" data-elementor-post-type=\"page\">\n\t\t\t\t<div class=\"elementor-element elementor-element-54e065f e-flex e-con-boxed e-con e-parent\" data-id=\"54e065f\" data-element_type=\"container\" data-settings=\"{&quot;_ha_eqh_enable&quot;:false}\">\n\t\t\t\t\t<div class=\"e-con-inner\">\n\t\t<div class=\"elementor-element elementor-element-771269d e-con-full e-flex e-con e-child\" data-id=\"771269d\" data-element_type=\"container\" data-settings=\"{&quot;_ha_eqh_enable&quot;:false}\">\n\t\t\t\t<div class=\"elementor-element elementor-element-8369f7d elementor-widget elementor-widget-image\" data-id=\"8369f7d\" data-element_type=\"widget\" data-widget_type=\"image.default\">\n\t\t\t\t<div class=\"elementor-widget-container\">\n\t\t\t\t\t\t\t\t\t\t\t\t\t\t\t<img fetchpriority=\"high\" decoding=\"async\" width=\"392\" height=\"557\" src=\"https:\/\/stellahotel.com.tr\/wp-content\/uploads\/2024\/11\/capture_20241111115033965-Kopyala.webp\" class=\"attachment-large size-large wp-image-2580\" alt=\"\" srcset=\"https:\/\/stellahotel.com.tr\/wp-content\/uploads\/2024\/11\/capture_20241111115033965-Kopyala.webp 392w, https:\/\/stellahotel.com.tr\/wp-content\/uploads\/2024\/11\/capture_20241111115033965-Kopyala-211x300.webp 211w\" sizes=\"(max-width: 392px) 100vw, 392px\" \/>\t\t\t\t\t\t\t\t\t\t\t\t\t\t\t<\/div>\n\t\t\t\t<\/div>\n\t\t\t\t<\/div>\n\t\t<div class=\"elementor-element elementor-element-9381336 e-con-full e-flex e-con e-child\" data-id=\"9381336\" data-element_type=\"container\" data-settings=\"{&quot;_ha_eqh_enable&quot;:false}\">\n\t\t\t\t<div class=\"elementor-element elementor-element-249c0ee elementor-widget elementor-widget-image\" data-id=\"249c0ee\" data-element_type=\"widget\" data-widget_type=\"image.default\">\n\t\t\t\t<div class=\"elementor-widget-container\">\n\t\t\t\t\t\t\t\t\t\t\t\t\t\t\t<img decoding=\"async\" width=\"388\" height=\"557\" src=\"https:\/\/stellahotel.com.tr\/wp-content\/uploads\/2024\/11\/capture_20241111114943710-Kopyala.webp\" class=\"attachment-large size-large wp-image-2581\" alt=\"\" srcset=\"https:\/\/stellahotel.com.tr\/wp-content\/uploads\/2024\/11\/capture_20241111114943710-Kopyala.webp 388w, https:\/\/stellahotel.com.tr\/wp-content\/uploads\/2024\/11\/capture_20241111114943710-Kopyala-209x300.webp 209w\" sizes=\"(max-width: 388px) 100vw, 388px\" \/>\t\t\t\t\t\t\t\t\t\t\t\t\t\t\t<\/div>\n\t\t\t\t<\/div>\n\t\t\t\t<\/div>\n\t\t<div class=\"elementor-element elementor-element-7dcec53 e-con-full e-flex e-con e-child\" data-id=\"7dcec53\" data-element_type=\"container\" data-settings=\"{&quot;_ha_eqh_enable&quot;:false}\">\n\t\t\t\t<div class=\"elementor-element elementor-element-3445c58 elementor-widget elementor-widget-image\" data-id=\"3445c58\" data-element_type=\"widget\" data-widget_type=\"image.default\">\n\t\t\t\t<div class=\"elementor-widget-container\">\n\t\t\t\t\t\t\t\t\t\t\t\t\t\t\t<img decoding=\"async\" width=\"386\" height=\"554\" src=\"https:\/\/stellahotel.com.tr\/wp-content\/uploads\/2024\/11\/capture_20241111115044718-Kopyala.webp\" class=\"attachment-large size-large wp-image-2582\" alt=\"\" srcset=\"https:\/\/stellahotel.com.tr\/wp-content\/uploads\/2024\/11\/capture_20241111115044718-Kopyala.webp 386w, https:\/\/stellahotel.com.tr\/wp-content\/uploads\/2024\/11\/capture_20241111115044718-Kopyala-209x300.webp 209w\" sizes=\"(max-width: 386px) 100vw, 386px\" \/>\t\t\t\t\t\t\t\t\t\t\t\t\t\t\t<\/div>\n\t\t\t\t<\/div>\n\t\t\t\t<\/div>\n\t\t<div class=\"elementor-element elementor-element-f7b6403 e-con-full e-flex e-con e-child\" data-id=\"f7b6403\" data-element_type=\"container\" data-settings=\"{&quot;_ha_eqh_enable&quot;:false}\">\n\t\t\t\t<div class=\"elementor-element elementor-element-a798aa9 elementor-widget elementor-widget-image\" data-id=\"a798aa9\" data-element_type=\"widget\" data-widget_type=\"image.default\">\n\t\t\t\t<div class=\"elementor-widget-container\">\n\t\t\t\t\t\t\t\t\t\t\t\t\t\t\t<img loading=\"lazy\" decoding=\"async\" width=\"383\" height=\"554\" src=\"https:\/\/stellahotel.com.tr\/wp-content\/uploads\/2024\/11\/capture_20241111115104404-Kopyala.webp\" class=\"attachment-large size-large wp-image-2583\" alt=\"\" srcset=\"https:\/\/stellahotel.com.tr\/wp-content\/uploads\/2024\/11\/capture_20241111115104404-Kopyala.webp 383w, https:\/\/stellahotel.com.tr\/wp-content\/uploads\/2024\/11\/capture_20241111115104404-Kopyala-207x300.webp 207w\" sizes=\"(max-width: 383px) 100vw, 383px\" \/>\t\t\t\t\t\t\t\t\t\t\t\t\t\t\t<\/div>\n\t\t\t\t<\/div>\n\t\t\t\t<\/div>\n\t\t\t\t\t<\/div>\n\t\t\t\t<\/div>\n\t\t<div class=\"elementor-element elementor-element-e2e9c26 e-flex e-con-boxed e-con e-parent\" data-id=\"e2e9c26\" data-element_type=\"container\" data-settings=\"{&quot;_ha_eqh_enable&quot;:false}\">\n\t\t\t\t\t<div class=\"e-con-inner\">\n\t\t\t\t<div class=\"elementor-element elementor-element-8a8ebb0 elementor-headline--style-highlight elementor-widget elementor-widget-animated-headline\" data-id=\"8a8ebb0\" data-element_type=\"widget\" data-settings=\"{&quot;highlighted_text&quot;:&quot;Alles inklusive&quot;,&quot;headline_style&quot;:&quot;highlight&quot;,&quot;marker&quot;:&quot;circle&quot;,&quot;loop&quot;:&quot;yes&quot;,&quot;highlight_animation_duration&quot;:1200,&quot;highlight_iteration_delay&quot;:8000}\" data-widget_type=\"animated-headline.default\">\n\t\t\t\t<div class=\"elementor-widget-container\">\n\t\t\t\t\t\t\t<h3 class=\"elementor-headline\">\n\t\t\t\t\t<span class=\"elementor-headline-plain-text elementor-headline-text-wrapper\">Stella Hotel<\/span>\n\t\t\t\t<span class=\"elementor-headline-dynamic-wrapper elementor-headline-text-wrapper\">\n\t\t\t\t\t<span class=\"elementor-headline-dynamic-text elementor-headline-text-active\">Alles inklusive<\/span>\n\t\t\t\t<\/span>\n\t\t\t\t<\/h3>\n\t\t\t\t\t\t<\/div>\n\t\t\t\t<\/div>\n\t\t\t\t\t<\/div>\n\t\t\t\t<\/div>\n\t\t<div class=\"elementor-element elementor-element-e1fe92d e-grid e-con-boxed e-con e-parent\" data-id=\"e1fe92d\" data-element_type=\"container\" data-settings=\"{&quot;_ha_eqh_enable&quot;:false}\">\n\t\t\t\t\t<div class=\"e-con-inner\">\n\t\t\t\t<div class=\"elementor-element elementor-element-6526eae elementor-widget elementor-widget-text-editor\" data-id=\"6526eae\" data-element_type=\"widget\" data-widget_type=\"text-editor.default\">\n\t\t\t\t<div class=\"elementor-widget-container\">\n\t\t\t\t\t\t\t\t\t<p>STELLA HOTEL KEMER:<br \/>HOTEL: Unser Hotel liegt im Zentrum von Kemer, 55 km vom Flughafen Antalya und 220 m vom Strand entfernt. Unsere 2006 er\u00f6ffnete Anlage ist auf 2100 m2 gebaut.<\/p><p>Webadresse: www.stellahotel.com.tr<br \/>E-Mail: rezervasyon@stellahotel.com.tr<\/p><p>ZIMMER:<br \/>Duschkabine, Haartrockner, Telefon, Balkon, Safe<br \/>Split-Klimaanlage<br \/>Fernsehen (t\u00fcrkische Sender)<br \/>Minibar<br \/>Bodenlaminat<br \/>Zimmerreinigung jeden Tag<br \/>Bettw\u00e4sche und Handt\u00fccher werden t\u00e4glich gewechselt.<br \/>W-lan<\/p><p>HOTELBEREICH:<br \/>Hauptrestaurant<br \/>2 Balken<br \/>Freibad<br \/>Innenpool<br \/>SPA-Zentrum<br \/>W\u00e4scherei<\/p>\t\t\t\t\t\t\t\t<\/div>\n\t\t\t\t<\/div>\n\t\t\t\t<div class=\"elementor-element elementor-element-62f8630 elementor-widget elementor-widget-text-editor\" data-id=\"62f8630\" data-element_type=\"widget\" data-widget_type=\"text-editor.default\">\n\t\t\t\t<div class=\"elementor-widget-container\">\n\t\t\t\t\t\t\t\t\t<p>UNTERHALTUNG-SPORT:<br \/>Frei:<br \/>T\u00fcrkisches Bad, Sauna<br \/>zum Whirlpool<br \/>Fitnesshalle<br \/>Tischtennis<br \/>Darts<br \/>Animationsprogramm<br \/>Live-Musik<br \/>Bezahlt:<br \/>Massage<br \/>Billard<br \/>Wassersport<br \/>Drahtloses Internet (Wi-Fi)<br \/>Strandtuch<\/p><p>F\u00dcR KINDER:<br \/>Kinderbecken<br \/>gleiten<br \/>Kinderspielplatz<br \/>Strand:<br \/>Kieselsteine, Bar. Sonnenschirme, Auflagen, Liegest\u00fchle am Pool und am Strand (kostenlos)<\/p>\t\t\t\t\t\t\t\t<\/div>\n\t\t\t\t<\/div>\n\t\t\t\t\t<\/div>\n\t\t\t\t<\/div>\n\t\t\t\t<\/div>\n\t\t","protected":false},"excerpt":{"rendered":"Stella Hotel Alles inklusive STELLA HOTEL KEMER:HOTEL: Unser Hotel liegt im Zentrum von Kemer, 55 km vom Flughafen Antalya und 220 m vom Strand entfernt. Unsere 2006 er\u00f6ffnete Anlage ist auf 2100 m2 gebaut. Webadresse: www.stellahotel.com.trE-Mail: rezervasyon@stellahotel.com.tr ZIMMER:Duschkabine, Haartrockner, Telefon, Balkon, SafeSplit-KlimaanlageFernsehen (t\u00fcrkische Sender)MinibarBodenlaminatZimmerreinigung jeden TagBettw\u00e4sche und Handt\u00fccher werden t\u00e4glich gewechselt.W-lan HOTELBEREICH:Hauptrestaurant2 BalkenFreibadInnenpoolSPA-ZentrumW\u00e4scherei UNTERHALTUNG-SPORT:Frei:T\u00fcrkisches Bad, ","protected":false},"author":1,"featured_media":0,"parent":0,"menu_order":0,"comment_status":"closed","ping_status":"closed","template":"elementor_header_footer","meta":{"footnotes":""},"class_list":["post-2885","page","type-page","status-publish","hentry"],"_links":{"self":[{"href":"https:\/\/stellahotel.com.tr\/de\/wp-json\/wp\/v2\/pages\/2885","targetHints":{"allow":["GET"]}}],"collection":[{"href":"https:\/\/stellahotel.com.tr\/de\/wp-json\/wp\/v2\/pages"}],"about":[{"href":"https:\/\/stellahotel.com.tr\/de\/wp-json\/wp\/v2\/types\/page"}],"author":[{"embeddable":true,"href":"https:\/\/stellahotel.com.tr\/de\/wp-json\/wp\/v2\/users\/1"}],"replies":[{"embeddable":true,"href":"https:\/\/stellahotel.com.tr\/de\/wp-json\/wp\/v2\/comments?post=2885"}],"version-history":[{"count":6,"href":"https:\/\/stellahotel.com.tr\/de\/wp-json\/wp\/v2\/pages\/2885\/revisions"}],"predecessor-version":[{"id":3077,"href":"https:\/\/stellahotel.com.tr\/de\/wp-json\/wp\/v2\/pages\/2885\/revisions\/3077"}],"wp:attachment":[{"href":"https:\/\/stellahotel.com.tr\/de\/wp-json\/wp\/v2\/media?parent=2885"}],"curies":[{"name":"wp","href":"https:\/\/api.w.org\/{rel}","templated":true}]}}