{"id":2887,"date":"2021-12-18T12:42:24","date_gmt":"2021-12-18T09:42:24","guid":{"rendered":"https:\/\/stellahotel.com.tr\/home\/"},"modified":"2026-04-17T17:08:26","modified_gmt":"2026-04-17T14:08:26","slug":"home","status":"publish","type":"page","link":"https:\/\/stellahotel.com.tr\/en\/","title":{"rendered":"Home"},"content":{"rendered":"\t\t<div data-elementor-type=\"wp-page\" data-elementor-id=\"2887\" class=\"elementor elementor-2887\" data-elementor-settings=\"{&quot;ha_cmc_init_switcher&quot;:&quot;no&quot;}\" data-elementor-post-type=\"page\">\n\t\t\t\t\t\t<section class=\"elementor-section elementor-top-section elementor-element elementor-element-1091cf5 elementor-section-full_width elementor-section-height-default elementor-section-height-default\" data-id=\"1091cf5\" data-element_type=\"section\" data-settings=\"{&quot;background_background&quot;:&quot;classic&quot;,&quot;_ha_eqh_enable&quot;:false}\">\n\t\t\t\t\t\t\t<div class=\"elementor-background-overlay\"><\/div>\n\t\t\t\t\t\t\t<div class=\"elementor-container elementor-column-gap-no\">\n\t\t\t\t\t<div class=\"elementor-column elementor-col-100 elementor-top-column elementor-element elementor-element-233f974\" data-id=\"233f974\" data-element_type=\"column\">\n\t\t\t<div class=\"elementor-widget-wrap elementor-element-populated\">\n\t\t\t\t\t\t<div class=\"elementor-element elementor-element-e4fc722 elementor--h-position-center elementor--v-position-middle elementor-widget elementor-widget-slides\" data-id=\"e4fc722\" data-element_type=\"widget\" data-settings=\"{&quot;navigation&quot;:&quot;none&quot;,&quot;autoplay&quot;:&quot;yes&quot;,&quot;pause_on_hover&quot;:&quot;yes&quot;,&quot;pause_on_interaction&quot;:&quot;yes&quot;,&quot;autoplay_speed&quot;:5000,&quot;infinite&quot;:&quot;yes&quot;,&quot;transition&quot;:&quot;slide&quot;,&quot;transition_speed&quot;:500}\" data-widget_type=\"slides.default\">\n\t\t\t\t<div class=\"elementor-widget-container\">\n\t\t\t\t\t\t\t<div class=\"elementor-swiper\">\n\t\t\t<div class=\"elementor-slides-wrapper elementor-main-swiper swiper\" dir=\"ltr\" data-animation=\"\">\n\t\t\t\t<div class=\"swiper-wrapper elementor-slides\">\n\t\t\t\t\t\t\t\t\t\t<div class=\"elementor-repeater-item-bf23ec0 swiper-slide\"><div class=\"swiper-slide-bg elementor-ken-burns elementor-ken-burns--in\" role=\"img\"><\/div><div class=\"swiper-slide-inner\" ><div class=\"swiper-slide-contents\"><div class=\"elementor-slide-heading\">Stella Hotel Kemer<\/div><div class=\"elementor-slide-description\">Kemer - Antalya \/ T\u00dcRK\u0130YE<\/div><\/div><\/div><\/div><div class=\"elementor-repeater-item-0a79fba swiper-slide\"><div class=\"swiper-slide-bg elementor-ken-burns elementor-ken-burns--in\" role=\"img\"><\/div><div class=\"swiper-slide-inner\" ><div class=\"swiper-slide-contents\"><div class=\"elementor-slide-heading\">Miramor Garden Resort<\/div><div class=\"elementor-slide-description\">Kemer - Antalya \/ T\u00dcRK\u0130YE<\/div><\/div><\/div><\/div>\t\t\t\t<\/div>\n\t\t\t\t\t\t\t\t\t\t\t\t\t\t\t\t\t\t\t\t\t<\/div>\n\t\t<\/div>\n\t\t\t\t\t\t<\/div>\n\t\t\t\t<\/div>\n\t\t\t\t\t<\/div>\n\t\t<\/div>\n\t\t\t\t\t<\/div>\n\t\t<\/section>\n\t\t<div class=\"elementor-element elementor-element-caacc2e e-flex e-con-boxed e-con e-parent\" data-id=\"caacc2e\" data-element_type=\"container\" data-settings=\"{&quot;_ha_eqh_enable&quot;:false}\">\n\t\t\t\t\t<div class=\"e-con-inner\">\n\t\t\t\t<div class=\"elementor-element elementor-element-6034d75 elementor-widget elementor-widget-html\" data-id=\"6034d75\" data-element_type=\"widget\" data-widget_type=\"html.default\">\n\t\t\t\t<div class=\"elementor-widget-container\">\n\t\t\t\t\t<div id=\"hweb-widget-search-container\" data-domainname=\"stellahotel.booktoweb.com\" ><\/div> \r\n<script type=\"text\/javascript\" src=\"https:\/\/stellahotel.booktoweb.com\/widget\/widget-core.js?Lang=en\" ><\/script>\t\t\t\t<\/div>\n\t\t\t\t<\/div>\n\t\t\t\t\t<\/div>\n\t\t\t\t<\/div>\n\t\t\t\t<section class=\"elementor-section elementor-top-section elementor-element elementor-element-4a88fa8 elementor-section-full_width elementor-section-height-default elementor-section-height-default\" data-id=\"4a88fa8\" data-element_type=\"section\">\n\t\t\t\t\t\t<div class=\"elementor-container elementor-column-gap-no\">\n\t\t\t\t\t<div class=\"elementor-column elementor-col-100 elementor-top-column elementor-element elementor-element-0071d34\" data-id=\"0071d34\" data-element_type=\"column\">\n\t\t\t<div class=\"elementor-widget-wrap elementor-element-populated\">\n\t\t\t\t\t\t<div class=\"elementor-element elementor-element-74fb287 elementor-widget elementor-widget-wpo-parador_about\" data-id=\"74fb287\" data-element_type=\"widget\" data-settings=\"{&quot;about_image&quot;:{&quot;url&quot;:&quot;https:\\\/\\\/stellahotel.com.tr\\\/wp-content\\\/uploads\\\/2024\\\/11\\\/Stella-Hotel-Kemer-Antalya-5.webp&quot;,&quot;id&quot;:2465,&quot;size&quot;:&quot;&quot;,&quot;alt&quot;:&quot;&quot;,&quot;source&quot;:&quot;library&quot;}}\" data-widget_type=\"wpo-parador_about.default\">\n\t\t\t\t<div class=\"elementor-widget-container\">\n\t\t\t\t\t\t\t<div class=\"parador-about wpo-about-section-s3\">\n\t\t\t<div class=\" container\">\n\t\t\t\t<div class=\"wpo-about-section-wrapper\">\n\t\t\t\t\t<div class=\"row align-items-center\">\n\t\t\t\t\t\t\t\t\t\t\t\t\t<div class=\"col-lg-6 col-md-12 col-12\">\n\t\t\t\t\t\t\t\t<div class=\"wpo-about-img\">\n\t\t\t\t\t\t\t\t\t<img decoding=\"async\" src=\"https:\/\/stellahotel.com.tr\/wp-content\/uploads\/2024\/11\/Stella-Hotel-Kemer-Antalya-5.webp\" alt=\"\">\t\t\t\t\t\t\t\t<\/div>\n\t\t\t\t\t\t\t<\/div>\n\t\t\t\t\t\t\t\t\t\t\t\t<div class=\" col-lg-6 col-md-12 col-12\">\n\t\t\t\t\t\t\t<div class=\"wpo-about-content\">\n\t\t\t\t\t\t\t\t<div class=\"about-title\">\n\t\t\t\t\t\t\t\t\t<h2>For a wonderful holiday...<\/h2>\t\t\t\t\t\t\t\t<\/div>\n\t\t\t\t\t\t\t\t<div class=\"wpo-about-content-inner\">\n\t\t\t\t\t\t\t\t\t<p>Our hotel in \u00c7amyuva, Kemer, offers a wide range of activities for your enjoyment. In addition, almost everything you might need has been considered within the hotel, ensuring a comfortable stay and providing all the necessary amenities.<\/p>\t\t\t\t\t\t\t\t<\/div>\n\t\t\t\t\t\t\t<\/div>\n\t\t\t\t\t\t<\/div>\n\t\t\t\t\t<\/div>\n\t\t\t\t<\/div>\n\t\t\t<\/div>\n\t\t<\/div>\n\t\t\t\t<\/div>\n\t\t\t\t<\/div>\n\t\t\t\t\t<\/div>\n\t\t<\/div>\n\t\t\t\t\t<\/div>\n\t\t<\/section>\n\t\t<div class=\"elementor-element elementor-element-e683252 e-flex e-con-boxed e-con e-parent\" data-id=\"e683252\" data-element_type=\"container\" data-settings=\"{&quot;_ha_eqh_enable&quot;:false}\">\n\t\t\t\t\t<div class=\"e-con-inner\">\n\t\t\t\t<div class=\"elementor-element elementor-element-8b8ae2e elementor-widget elementor-widget-wpo-parador_feature\" data-id=\"8b8ae2e\" data-element_type=\"widget\" data-widget_type=\"wpo-parador_feature.default\">\n\t\t\t\t<div class=\"elementor-widget-container\">\n\t\t\t\t\t\t\t<div class=\"wpo-service-area\">\n\t\t\t<div class=\"wpo-service-wrap\">\n\t\t\t\t<div class=\"container\">\n\t\t\t\t\t<div class=\"row align-items-center\">\n\t\t\t\t\t\t<div class=\"col-xl-4 col-lg-8 col-12\">\n\t\t\t\t\t\t\t<div class=\"wpo-service-content\">\n\t\t\t\t\t\t\t\t<h2>All-Inclusive Concept<\/h2>\t\t\t\t\t\t\t<\/div>\n\t\t\t\t\t\t<\/div>\n\t\t\t\t\t\t<div class=\"col-xl-8 col-12\">\n\t\t\t\t\t\t\t<div class=\"wpo-service-items\">\n\t\t\t\t\t\t\t\t\t\t\t\t\t\t\t\t\t\t<div class=\"wpo-service-item\">\n\t\t\t\t\t\t\t\t\t\t\t<i class=\"fi flaticon-food-tray\"><\/i><h2>All-Inclusive<\/h2>\t\t\t\t\t\t\t\t\t\t<\/div>\n\t\t\t\t\t\t\t\t\t\t\t\t\t\t\t\t\t\t<div class=\"wpo-service-item\">\n\t\t\t\t\t\t\t\t\t\t\t<i class=\"fi flaticon-expand-arrows\"><\/i><h2>Easy Access<\/h2>\t\t\t\t\t\t\t\t\t\t<\/div>\n\t\t\t\t\t\t\t\t\t\t\t\t\t\t\t\t\t\t<div class=\"wpo-service-item\">\n\t\t\t\t\t\t\t\t\t\t\t<i class=\"fi flaticon-swimmer\"><\/i><h2>Swimming Pools<\/h2>\t\t\t\t\t\t\t\t\t\t<\/div>\n\t\t\t\t\t\t\t\t\t\t\t\t\t\t\t\t\t\t<div class=\"wpo-service-item\">\n\t\t\t\t\t\t\t\t\t\t\t<i class=\"fi flaticon-mortar\"><\/i><h2>Spa &amp; Wellnes<\/h2>\t\t\t\t\t\t\t\t\t\t<\/div>\n\t\t\t\t\t\t\t\t\t\t\t\t\t\t\t\t\t\t<div class=\"wpo-service-item\">\n\t\t\t\t\t\t\t\t\t\t\t<i class=\"fi flaticon-swimmer\"><\/i><h2>Exquisite Beach<\/h2>\t\t\t\t\t\t\t\t\t\t<\/div>\n\t\t\t\t\t\t\t\t\t\t\t\t\t\t\t\t\t\t<div class=\"wpo-service-item\">\n\t\t\t\t\t\t\t\t\t\t\t<i class=\"fi flaticon-wifi\"><\/i><h2>Wi-Fi<\/h2>\t\t\t\t\t\t\t\t\t\t<\/div>\n\t\t\t\t\t\t\t\t\t\t\t\t\t\t\t\t\t\t<div class=\"wpo-service-item\">\n\t\t\t\t\t\t\t\t\t\t\t<i class=\"fi flaticon-cappuccino\"><\/i><h2>Cafe &amp; Bar<\/h2>\t\t\t\t\t\t\t\t\t\t<\/div>\n\t\t\t\t\t\t\t\t\t\t\t\t\t\t\t\t\t\t<div class=\"wpo-service-item\">\n\t\t\t\t\t\t\t\t\t\t\t<i class=\"fi flaticon-more\"><\/i><h2>Animations<\/h2>\t\t\t\t\t\t\t\t\t\t<\/div>\n\t\t\t\t\t\t\t\t\t\t\t\t\t\t\t<\/div>\n\t\t\t\t\t\t<\/div>\n\t\t\t\t\t<\/div>\n\t\t\t\t<\/div>\n\t\t\t<\/div>\n\t\t<\/div>\n\t\t\t\t<\/div>\n\t\t\t\t<\/div>\n\t\t\t\t\t<\/div>\n\t\t\t\t<\/div>\n\t\t<div class=\"elementor-element elementor-element-22ed54a e-flex e-con-boxed e-con e-parent\" data-id=\"22ed54a\" data-element_type=\"container\" data-settings=\"{&quot;_ha_eqh_enable&quot;:false}\">\n\t\t\t\t\t<div class=\"e-con-inner\">\n\t\t\t\t<div class=\"elementor-element elementor-element-5dc3c0f elementor-headline--style-highlight elementor-widget elementor-widget-animated-headline\" data-id=\"5dc3c0f\" data-element_type=\"widget\" data-settings=\"{&quot;highlighted_text&quot;:&quot;You will feel at home.&quot;,&quot;headline_style&quot;:&quot;highlight&quot;,&quot;marker&quot;:&quot;circle&quot;,&quot;loop&quot;:&quot;yes&quot;,&quot;highlight_animation_duration&quot;:1200,&quot;highlight_iteration_delay&quot;:8000}\" data-widget_type=\"animated-headline.default\">\n\t\t\t\t<div class=\"elementor-widget-container\">\n\t\t\t\t\t\t\t<h3 class=\"elementor-headline\">\n\t\t\t\t\t<span class=\"elementor-headline-plain-text elementor-headline-text-wrapper\">In our rooms<\/span>\n\t\t\t\t<span class=\"elementor-headline-dynamic-wrapper elementor-headline-text-wrapper\">\n\t\t\t\t\t<span class=\"elementor-headline-dynamic-text elementor-headline-text-active\">You will feel at home.<\/span>\n\t\t\t\t<\/span>\n\t\t\t\t<\/h3>\n\t\t\t\t\t\t<\/div>\n\t\t\t\t<\/div>\n\t\t\t\t\t<\/div>\n\t\t\t\t<\/div>\n\t\t\t\t<section class=\"elementor-section elementor-top-section elementor-element elementor-element-ca37fc1 elementor-section-boxed elementor-section-height-default elementor-section-height-default\" data-id=\"ca37fc1\" data-element_type=\"section\" data-settings=\"{&quot;_ha_eqh_enable&quot;:false}\">\n\t\t\t\t\t\t<div class=\"elementor-container elementor-column-gap-no\">\n\t\t\t\t\t<div class=\"elementor-column elementor-col-100 elementor-top-column elementor-element elementor-element-e8715bc\" data-id=\"e8715bc\" data-element_type=\"column\">\n\t\t\t<div class=\"elementor-widget-wrap\">\n\t\t\t\t\t\t\t<\/div>\n\t\t<\/div>\n\t\t\t\t\t<\/div>\n\t\t<\/section>\n\t\t<div class=\"elementor-element elementor-element-5953e7c e-con-full e-flex e-con e-parent\" data-id=\"5953e7c\" data-element_type=\"container\" data-settings=\"{&quot;_ha_eqh_enable&quot;:false}\">\n\t\t\t\t<div class=\"elementor-element elementor-element-c35cdd3 ha-card--left elementor-widget__width-initial ha-card--tablet-top ha-card--mobile-top elementor-widget elementor-widget-ha-card happy-addon ha-card\" data-id=\"c35cdd3\" data-element_type=\"widget\" data-widget_type=\"ha-card.default\">\n\t\t\t\t<div class=\"elementor-widget-container\">\n\t\t\t\t\t\n\t\t\t\t\t<figure class=\"ha-card-figure\">\n\t\t\t\t<img fetchpriority=\"high\" decoding=\"async\" width=\"800\" height=\"533\" src=\"https:\/\/stellahotel.com.tr\/wp-content\/uploads\/2024\/11\/Stella-Hotel-Kemer-Antalya-49.webp\" class=\"attachment-large size-large wp-image-2510\" alt=\"\" srcset=\"https:\/\/stellahotel.com.tr\/wp-content\/uploads\/2024\/11\/Stella-Hotel-Kemer-Antalya-49.webp 800w, https:\/\/stellahotel.com.tr\/wp-content\/uploads\/2024\/11\/Stella-Hotel-Kemer-Antalya-49-300x200.webp 300w, https:\/\/stellahotel.com.tr\/wp-content\/uploads\/2024\/11\/Stella-Hotel-Kemer-Antalya-49-768x512.webp 768w\" sizes=\"(max-width: 800px) 100vw, 800px\" \/>\t\t\t\t\t\t\t<\/figure>\n\t\t\n\t\t<div class=\"ha-card-body\">\n\n\t\t\t<h2 class=\"ha-card-title\">You will feel at home.<\/h2>\n\t\t\t\t\t\t\t<div class=\"ha-card-text\">\n\t\t\t\t\t<p>Spacious and Comfortable<\/p>\n\t\t\t\t<\/div>\n\t\t\t\n\t\t\t<a class=\"ha-btn\" href=\"https:\/\/stellahotel.com.tr\/ekonomik-cift-kisilik-oda\/\"><span class=\"ha-btn-text\">Detail<\/span><\/a>\t\t<\/div>\n\t\t\t\t\t\t<\/div>\n\t\t\t\t<\/div>\n\t\t\t\t<\/div>\n\t\t\t\t<section class=\"elementor-section elementor-top-section elementor-element elementor-element-3a8a13f elementor-section-full_width elementor-section-height-default elementor-section-height-default\" data-id=\"3a8a13f\" data-element_type=\"section\" data-settings=\"{&quot;background_background&quot;:&quot;slideshow&quot;,&quot;background_slideshow_gallery&quot;:[{&quot;id&quot;:2548,&quot;url&quot;:&quot;https:\\\/\\\/stellahotel.com.tr\\\/wp-content\\\/uploads\\\/2024\\\/11\\\/slide1.jpg&quot;},{&quot;id&quot;:2484,&quot;url&quot;:&quot;https:\\\/\\\/stellahotel.com.tr\\\/wp-content\\\/uploads\\\/2024\\\/11\\\/Stella-Hotel-Kemer-Antalya-23.webp&quot;}],&quot;background_slideshow_loop&quot;:&quot;yes&quot;,&quot;background_slideshow_slide_duration&quot;:5000,&quot;background_slideshow_slide_transition&quot;:&quot;fade&quot;,&quot;background_slideshow_transition_duration&quot;:500,&quot;_ha_eqh_enable&quot;:false}\">\n\t\t\t\t\t\t<div class=\"elementor-container elementor-column-gap-no\">\n\t\t\t\t\t<div class=\"elementor-column elementor-col-100 elementor-top-column elementor-element elementor-element-5b57497\" data-id=\"5b57497\" data-element_type=\"column\" data-settings=\"{&quot;background_background&quot;:&quot;slideshow&quot;,&quot;background_slideshow_gallery&quot;:[{&quot;id&quot;:1912,&quot;url&quot;:&quot;https:\\\/\\\/stellahotel.com.tr\\\/wp-content\\\/uploads\\\/2024\\\/10\\\/431086146.jpg&quot;},{&quot;id&quot;:1756,&quot;url&quot;:&quot;https:\\\/\\\/stellahotel.com.tr\\\/wp-content\\\/uploads\\\/2024\\\/10\\\/MiramorHotel-118-Kopyala.webp&quot;},{&quot;id&quot;:1755,&quot;url&quot;:&quot;https:\\\/\\\/stellahotel.com.tr\\\/wp-content\\\/uploads\\\/2024\\\/10\\\/MiramorHotel-1-Kopyala.webp&quot;}],&quot;background_slideshow_loop&quot;:&quot;yes&quot;,&quot;background_slideshow_slide_duration&quot;:5000,&quot;background_slideshow_slide_transition&quot;:&quot;fade&quot;,&quot;background_slideshow_transition_duration&quot;:500}\">\n\t\t\t<div class=\"elementor-widget-wrap elementor-element-populated\">\n\t\t\t\t\t\t<div class=\"elementor-element elementor-element-d8b013c ha-has-bg-overlay elementor-widget elementor-widget-wpo-parador_about\" data-id=\"d8b013c\" data-element_type=\"widget\" data-widget_type=\"wpo-parador_about.default\">\n\t\t\t\t<div class=\"elementor-widget-container\">\n\t\t\t\t\t\t\t<div class=\"parador-about wpo-about-section-s2\">\n\t\t\t<div class=\" container-fluid\">\n\t\t\t\t<div class=\"wpo-about-section-wrapper\">\n\t\t\t\t\t<div class=\"row align-items-center\">\n\t\t\t\t\t\t\t\t\t\t\t\t<div class=\" col-xl-5 col-lg-6 col-md-8 col-12 offset-xl-6 offset-lg-4 offset-md-2\">\n\t\t\t\t\t\t\t<div class=\"wpo-about-content\">\n\t\t\t\t\t\t\t\t<div class=\"about-title\">\n\t\t\t\t\t\t\t\t\t<span>EARLY BOOKING<\/span><h2>Don&#039;t be late to take advantage of the opportunities.<\/h2>\t\t\t\t\t\t\t\t<\/div>\n\t\t\t\t\t\t\t\t<div class=\"wpo-about-content-inner\">\n\t\t\t\t\t\t\t\t\t\t\t\t\t\t\t\t\t\t\t<div class=\"about-info-wrap\">\n\t\t\t\t\t\t\t\t\t\t\t<div class=\"about-info-left\">\n\t\t\t\t\t\t\t\t\t\t\t\t\t\t\t\t\t\t\t\t\t\t\t\t<ul>\n\t\t\t\t\t\t\t\t\t\t\t\t\t\t\t\t\t\t\t\t\t\t\t\t\t\t\t<li><i class=\"fa fa-star\" aria-hidden=\"true\"><\/i><\/li>\n\t\t\t\t\t\t\t\t\t\t\t\t\t\t<li><i class=\"fa fa-star\" aria-hidden=\"true\"><\/i><\/li>\n\t\t\t\t\t\t\t\t\t\t\t\t\t\t<li><i class=\"fa fa-star\" aria-hidden=\"true\"><\/i><\/li>\n\t\t\t\t\t\t\t\t\t\t\t\t\t\t<li><i class=\"fa fa-star\" aria-hidden=\"true\"><\/i><\/li>\n\t\t\t\t\t\t\t\t\t\t\t\t\t\t<li><i class=\"fa fa-star\" aria-hidden=\"true\"><\/i><\/li>\n\t\t\t\t\t\t\t\t\t\t\t\t\t\t\t\t\t\t\t\t\t\t\t\t\t<\/ul>\n\t\t\t\t\t\t\t\t\t\t\t<\/div>\n\t\t\t\t\t\t\t\t\t\t\t<div class=\"about-info-right\">\n\t\t\t\t\t\t\t\t\t\t\t\t\t\t\t\t\t\t\t\t\t\t\t<\/div>\n\t\t\t\t\t\t\t\t\t\t\t<a href=\"https:\/\/stellahotel.com.tr\/ekonomik-cift-kisilik-oda\/\"   class=\"theme-btn\" >Book a Room<\/a>\t\t\t\t\t\t\t\t\t\t<\/div>\n\t\t\t\t\t\t\t\t\t\t\t\t\t\t\t\t\t<\/div>\n\t\t\t\t\t\t\t<\/div>\n\t\t\t\t\t\t<\/div>\n\t\t\t\t\t<\/div>\n\t\t\t\t<\/div>\n\t\t\t<\/div>\n\t\t<\/div>\n\t\t\t\t<\/div>\n\t\t\t\t<\/div>\n\t\t\t\t\t<\/div>\n\t\t<\/div>\n\t\t\t\t\t<\/div>\n\t\t<\/section>\n\t\t\t\t<section class=\"elementor-section elementor-top-section elementor-element elementor-element-e46e843 elementor-section-full_width elementor-section-height-default elementor-section-height-default\" data-id=\"e46e843\" data-element_type=\"section\" data-settings=\"{&quot;_ha_eqh_enable&quot;:false}\">\n\t\t\t\t\t\t<div class=\"elementor-container elementor-column-gap-no\">\n\t\t\t\t\t<div class=\"elementor-column elementor-col-100 elementor-top-column elementor-element elementor-element-823119f\" data-id=\"823119f\" data-element_type=\"column\">\n\t\t\t<div class=\"elementor-widget-wrap elementor-element-populated\">\n\t\t\t\t\t\t<div class=\"elementor-element elementor-element-fd851f3 elementor-widget elementor-widget-wpo-parador_testimonial\" data-id=\"fd851f3\" data-element_type=\"widget\" data-widget_type=\"wpo-parador_testimonial.default\">\n\t\t\t\t<div class=\"elementor-widget-container\">\n\t\t\t\t\t\t\t<div class=\"wpo-testimonial-area\">\n\t\t\t<div class=\"container\">\n\t\t\t\t<div class=\"wpo-testimonial-wrap\">\n\t\t\t\t\t<div class=\"testimonial-slider owl-carousel\">\n\t\t\t\t\t\t\t\t\t\t\t\t\t\t<div class=\"wpo-testimonial-item\">\n\t\t\t\t\t\t\t\t\t<div class=\"wpo-testimonial-img\">\n\t\t\t\t\t\t\t\t\t\t<img decoding=\"async\" src=\"https:\/\/stellahotel.com.tr\/wp-content\/uploads\/2021\/12\/testi-1.jpg\" alt=\"\">\t\t\t\t\t\t\t\t\t<\/div>\n\t\t\t\t\t\t\t\t\t<div class=\"wpo-testimonial-content\">\n\t\t\t\t\t\t\t\t\t\t<p>We had a wonderful holiday with my family. The location, the sea, and the pool were amazing. We will definitely come back next year.<\/p><h2>Elisabeth Marvel<\/h2><span>Photographer<\/span>\t\t\t\t\t\t\t\t\t<\/div>\n\t\t\t\t\t\t\t\t<\/div>\n\t\t\t\t\t\t\t\t\t\t\t\t\t\t<div class=\"wpo-testimonial-item\">\n\t\t\t\t\t\t\t\t\t<div class=\"wpo-testimonial-img\">\n\t\t\t\t\t\t\t\t\t\t<img decoding=\"async\" src=\"https:\/\/stellahotel.com.tr\/wp-content\/uploads\/2021\/12\/service-6.jpg\" alt=\"\">\t\t\t\t\t\t\t\t\t<\/div>\n\t\t\t\t\t\t\t\t\t<div class=\"wpo-testimonial-content\">\n\t\t\t\t\t\t\t\t\t\t<p>The hotel is simply fantastic. The children didn&#039;t want to leave the pool, and we loved the sea.<\/p><h2>William Robert<\/h2><span>Ev Han\u0131m\u0131<\/span>\t\t\t\t\t\t\t\t\t<\/div>\n\t\t\t\t\t\t\t\t<\/div>\n\t\t\t\t\t\t\t\t\t\t\t<\/div>\n\t\t\t\t<\/div>\n\t\t\t<\/div>\n\t\t<\/div>\n\t\t\t\t<\/div>\n\t\t\t\t<\/div>\n\t\t\t\t\t<\/div>\n\t\t<\/div>\n\t\t\t\t\t<\/div>\n\t\t<\/section>\n\t\t\t\t<\/div>\n\t\t","protected":false},"excerpt":{"rendered":"Stella Hotel KemerKemer &#8211; Antalya \/ T\u00dcRK\u0130YEMiramor Garden ResortKemer &#8211; Antalya \/ T\u00dcRK\u0130YE For a wonderful holiday&#8230; Our hotel in \u00c7amyuva, Kemer, offers a wide range of activities for your enjoyment. In addition, almost everything you might need has been considered within the hotel, ensuring a comfortable stay and providing all the necessary amenities. All-Inclusive ","protected":false},"author":1,"featured_media":0,"parent":0,"menu_order":0,"comment_status":"closed","ping_status":"closed","template":"elementor_header_footer","meta":{"footnotes":""},"class_list":["post-2887","page","type-page","status-publish","hentry"],"_links":{"self":[{"href":"https:\/\/stellahotel.com.tr\/en\/wp-json\/wp\/v2\/pages\/2887","targetHints":{"allow":["GET"]}}],"collection":[{"href":"https:\/\/stellahotel.com.tr\/en\/wp-json\/wp\/v2\/pages"}],"about":[{"href":"https:\/\/stellahotel.com.tr\/en\/wp-json\/wp\/v2\/types\/page"}],"author":[{"embeddable":true,"href":"https:\/\/stellahotel.com.tr\/en\/wp-json\/wp\/v2\/users\/1"}],"replies":[{"embeddable":true,"href":"https:\/\/stellahotel.com.tr\/en\/wp-json\/wp\/v2\/comments?post=2887"}],"version-history":[{"count":39,"href":"https:\/\/stellahotel.com.tr\/en\/wp-json\/wp\/v2\/pages\/2887\/revisions"}],"predecessor-version":[{"id":3312,"href":"https:\/\/stellahotel.com.tr\/en\/wp-json\/wp\/v2\/pages\/2887\/revisions\/3312"}],"wp:attachment":[{"href":"https:\/\/stellahotel.com.tr\/en\/wp-json\/wp\/v2\/media?parent=2887"}],"curies":[{"name":"wp","href":"https:\/\/api.w.org\/{rel}","templated":true}]}}