{"id":2893,"date":"2021-12-18T12:44:30","date_gmt":"2021-12-18T12:44:30","guid":{"rendered":"https:\/\/stellahotel.com.tr\/room\/"},"modified":"2021-12-18T12:44:30","modified_gmt":"2021-12-18T12:44:30","slug":"room","status":"publish","type":"page","link":"https:\/\/stellahotel.com.tr\/en\/room\/","title":{"rendered":"Room"},"content":{"rendered":"\t\t<div data-elementor-type=\"wp-page\" data-elementor-id=\"2893\" class=\"elementor elementor-2893\" data-elementor-settings=\"{&quot;ha_cmc_init_switcher&quot;:&quot;no&quot;}\" data-elementor-post-type=\"page\">\n\t\t\t\t\t\t<section class=\"elementor-section elementor-top-section elementor-element elementor-element-88e0bfe elementor-section-full_width elementor-section-height-default elementor-section-height-default\" data-id=\"88e0bfe\" data-element_type=\"section\" data-settings=\"{&quot;_ha_eqh_enable&quot;:false}\">\n\t\t\t\t\t\t<div class=\"elementor-container elementor-column-gap-no\">\n\t\t\t\t\t<div class=\"elementor-column elementor-col-100 elementor-top-column elementor-element elementor-element-897a2d2\" data-id=\"897a2d2\" data-element_type=\"column\">\n\t\t\t<div class=\"elementor-widget-wrap elementor-element-populated\">\n\t\t\t\t<div class=\"elementor-element elementor-element-a948798 e-flex e-con-boxed e-con e-parent\" data-id=\"a948798\" data-element_type=\"container\" data-settings=\"{&quot;_ha_eqh_enable&quot;:false}\">\n\t\t\t\t\t<div class=\"e-con-inner\">\n\t\t\t\t<div class=\"elementor-element elementor-element-c7593a5 ha-card--top ha-card--tablet-top ha-card--mobile-top elementor-widget elementor-widget-ha-card happy-addon ha-card\" data-id=\"c7593a5\" data-element_type=\"widget\" data-widget_type=\"ha-card.default\">\n\t\t\t\t<div class=\"elementor-widget-container\">\n\t\t\t\t\t\n\t\t\t\t\t<figure class=\"ha-card-figure\">\n\t\t\t\t<img decoding=\"async\" src=\"https:\/\/stellahotel.com.tr\/wp-content\/uploads\/2024\/11\/12603_Miramor_Garden_Resort_104619-Kopyala.webp\" title=\"\" alt=\"\" loading=\"lazy\" \/>\t\t\t\t\t\t\t<\/figure>\n\t\t\n\t\t<div class=\"ha-card-body\">\n\n\t\t\t<h2 class=\"ha-card-title\">Aile Odas\u0131 (1+1 Ara Kap\u0131l\u0131)<\/h2>\n\t\t\t\t\t\t\t<div class=\"ha-card-text\">\n\t\t\t\t\t<p>Geni\u015f ve Rahat<\/p>\n\t\t\t\t<\/div>\n\t\t\t\n\t\t\t<a class=\"ha-btn\" href=\"https:\/\/stellahotel.com.tr\/?page_id=1972\"><span class=\"ha-btn-text\">Detaylar<\/span><\/a>\t\t<\/div>\n\t\t\t\t\t\t<\/div>\n\t\t\t\t<\/div>\n\t\t\t\t<div class=\"elementor-element elementor-element-5813386 ha-card--top ha-card--tablet-top ha-card--mobile-top elementor-widget elementor-widget-ha-card happy-addon ha-card\" data-id=\"5813386\" data-element_type=\"widget\" data-widget_type=\"ha-card.default\">\n\t\t\t\t<div class=\"elementor-widget-container\">\n\t\t\t\t\t\n\t\t\t\t\t<figure class=\"ha-card-figure\">\n\t\t\t\t<img decoding=\"async\" src=\"https:\/\/stellahotel.com.tr\/wp-content\/uploads\/2024\/11\/12603_Miramor_Garden_Resort_104618-Kopyala.webp\" title=\"\" alt=\"\" loading=\"lazy\" \/>\t\t\t\t\t\t\t<\/figure>\n\t\t\n\t\t<div class=\"ha-card-body\">\n\n\t\t\t<h2 class=\"ha-card-title\">Standart Oda<\/h2>\n\t\t\t\t\t\t\t<div class=\"ha-card-text\">\n\t\t\t\t\t<p>Bah\u00e7e &amp; Havuz Manzaral\u0131<\/p>\n\t\t\t\t<\/div>\n\t\t\t\n\t\t\t<a class=\"ha-btn\" href=\"https:\/\/stellahotel.com.tr\/?page_id=2010\"><span class=\"ha-btn-text\">Detaylar<\/span><\/a>\t\t<\/div>\n\t\t\t\t\t\t<\/div>\n\t\t\t\t<\/div>\n\t\t\t\t\t<\/div>\n\t\t\t\t<\/div>\n\t\t\t\t\t<\/div>\n\t\t<\/div>\n\t\t\t\t\t<\/div>\n\t\t<\/section>\n\t\t\t\t<\/div>\n\t\t","protected":false},"excerpt":{"rendered":"Aile Odas\u0131 (1+1 Ara Kap\u0131l\u0131) Geni\u015f ve Rahat Detaylar Standart Oda Bah\u00e7e &amp; Havuz Manzaral\u0131 Detaylar","protected":false},"author":1,"featured_media":0,"parent":0,"menu_order":0,"comment_status":"closed","ping_status":"closed","template":"elementor_header_footer","meta":{"footnotes":""},"class_list":["post-2893","page","type-page","status-publish","hentry"],"_links":{"self":[{"href":"https:\/\/stellahotel.com.tr\/en\/wp-json\/wp\/v2\/pages\/2893","targetHints":{"allow":["GET"]}}],"collection":[{"href":"https:\/\/stellahotel.com.tr\/en\/wp-json\/wp\/v2\/pages"}],"about":[{"href":"https:\/\/stellahotel.com.tr\/en\/wp-json\/wp\/v2\/types\/page"}],"author":[{"embeddable":true,"href":"https:\/\/stellahotel.com.tr\/en\/wp-json\/wp\/v2\/users\/1"}],"replies":[{"embeddable":true,"href":"https:\/\/stellahotel.com.tr\/en\/wp-json\/wp\/v2\/comments?post=2893"}],"version-history":[{"count":0,"href":"https:\/\/stellahotel.com.tr\/en\/wp-json\/wp\/v2\/pages\/2893\/revisions"}],"wp:attachment":[{"href":"https:\/\/stellahotel.com.tr\/en\/wp-json\/wp\/v2\/media?parent=2893"}],"curies":[{"name":"wp","href":"https:\/\/api.w.org\/{rel}","templated":true}]}}